{"id":2,"date":"2026-05-02T15:04:11","date_gmt":"2026-05-02T13:04:11","guid":{"rendered":"https:\/\/2oldpunks.net\/?page_id=2"},"modified":"2026-05-02T18:03:35","modified_gmt":"2026-05-02T16:03:35","slug":"page-d-exemple","status":"publish","type":"page","link":"https:\/\/2oldpunks.net\/fr\/page-d-exemple\/","title":{"rendered":"US"},"content":{"rendered":"\n<p>2oldpunks est un projet collaboratif garanti sans IA ni algo. Un lieu de libert\u00e9 de partage o\u00f9 on peut faire du bruit comme bon nous semble, sans avoir \u00e0 se contorsionner pour satisfaire des robots.<\/p>\n\n\n\n<blockquote class=\"wp-block-quote is-layout-flow wp-block-quote-is-layout-flow\">\n<div class=\"wp-block-group is-nowrap is-layout-flex wp-container-core-group-is-layout-ad2f72ca wp-block-group-is-layout-flex\">\n<figure class=\"wp-block-image size-medium\"><img loading=\"lazy\" decoding=\"async\" width=\"300\" height=\"300\" src=\"https:\/\/2oldpunks.net\/wp-content\/uploads\/2026\/05\/Portrait-Joanne-Tatham-CARRE-300x300.png\" alt=\"\" class=\"wp-image-17\" srcset=\"https:\/\/2oldpunks.net\/wp-content\/uploads\/2026\/05\/Portrait-Joanne-Tatham-CARRE-300x300.png 300w, https:\/\/2oldpunks.net\/wp-content\/uploads\/2026\/05\/Portrait-Joanne-Tatham-CARRE-150x150.png 150w, https:\/\/2oldpunks.net\/wp-content\/uploads\/2026\/05\/Portrait-Joanne-Tatham-CARRE.png 600w\" sizes=\"auto, (max-width: 300px) 100vw, 300px\" \/><\/figure>\n\n\n\n<p>Joanne ne peut pas s&#8217;emp\u00eacher de l&rsquo;ouvrir en ligne depuis 1999.<br>Sa passion depuis toujours : la musique.<br><br>Accessoirement, elle bosse sur et dans le web depuis 25 ans et est coach en empowerment f\u00e9minin et consultante en communication digitale &amp; personal branding pour artistes et entrepreneures atypiques.<\/p>\n<\/div>\n\n\n\n<p><\/p>\n<\/blockquote>\n\n\n\n<blockquote class=\"wp-block-quote is-layout-flow wp-block-quote-is-layout-flow\">\n<div class=\"wp-block-group is-nowrap is-layout-flex wp-container-core-group-is-layout-ad2f72ca wp-block-group-is-layout-flex\">\n<p>Julien est un mec g\u00e9nial et passionnant. Il est artiste et il viendra ici expliquer exactement ce qu&rsquo;il veut expliquer \u00e0 propos de lui. Ou pas.<\/p>\n\n\n<\/div>\n<\/blockquote>\n\n\n\n<p>Ensemble, ils ont d\u00e9cid\u00e9 de cr\u00e9er 2oldpunks \u00e0 la faveur d&rsquo;un ap\u00e9ro au cours duquel ils partageaient leur frustration vis \u00e0 vis des algorithmes et de l&rsquo;IA.<\/p>\n","protected":false},"excerpt":{"rendered":"<p>2oldpunks est un projet collaboratif garanti sans IA ni algo. Un lieu de libert\u00e9 de partage o\u00f9 on peut faire du bruit comme bon nous semble, sans avoir \u00e0 se contorsionner pour satisfaire des robots. Ensemble, ils ont d\u00e9cid\u00e9 de cr\u00e9er 2oldpunks \u00e0 la faveur d&rsquo;un ap\u00e9ro au cours duquel ils partageaient leur frustration vis [&hellip;]<\/p>\n","protected":false},"author":1,"featured_media":0,"parent":0,"menu_order":0,"comment_status":"closed","ping_status":"open","template":"","meta":{"_acf_changed":false,"_monsterinsights_skip_tracking":false,"_monsterinsights_sitenote_active":false,"_monsterinsights_sitenote_note":"","_monsterinsights_sitenote_category":0,"footnotes":""},"class_list":["post-2","page","type-page","status-publish","hentry"],"acf":[],"_links":{"self":[{"href":"https:\/\/2oldpunks.net\/wp-json\/wp\/v2\/pages\/2","targetHints":{"allow":["GET"]}}],"collection":[{"href":"https:\/\/2oldpunks.net\/wp-json\/wp\/v2\/pages"}],"about":[{"href":"https:\/\/2oldpunks.net\/wp-json\/wp\/v2\/types\/page"}],"author":[{"embeddable":true,"href":"https:\/\/2oldpunks.net\/wp-json\/wp\/v2\/users\/1"}],"replies":[{"embeddable":true,"href":"https:\/\/2oldpunks.net\/wp-json\/wp\/v2\/comments?post=2"}],"version-history":[{"count":5,"href":"https:\/\/2oldpunks.net\/wp-json\/wp\/v2\/pages\/2\/revisions"}],"predecessor-version":[{"id":32,"href":"https:\/\/2oldpunks.net\/wp-json\/wp\/v2\/pages\/2\/revisions\/32"}],"wp:attachment":[{"href":"https:\/\/2oldpunks.net\/wp-json\/wp\/v2\/media?parent=2"}],"curies":[{"name":"wp","href":"https:\/\/api.w.org\/{rel}","templated":true}]}}